{"id":605,"date":"2025-04-29T22:57:27","date_gmt":"2025-04-29T20:57:27","guid":{"rendered":"https:\/\/masterperiodismoydemocracia.umh.es\/?page_id=605"},"modified":"2025-06-05T14:44:31","modified_gmt":"2025-06-05T12:44:31","slug":"noticias","status":"publish","type":"page","link":"https:\/\/masterperiodismoydemocracia.umh.es\/ca\/noticias\/","title":{"rendered":"<span lang=\"es\">(Espa\u00f1ol) Noticias<\/span>"},"content":{"rendered":"<p>[et_pb_section fb_built=&#8221;1&#8243; admin_label=&#8221;Seccion&#8221; _builder_version=&#8221;4.21.0&#8243; _module_preset=&#8221;default&#8221; background_color=&#8221;gcid-937824ca-e831-46c6-b7e2-284fc452a523&#8243; locked=&#8221;off&#8221; collapsed=&#8221;off&#8221; global_colors_info=&#8221;{%22gcid-937824ca-e831-46c6-b7e2-284fc452a523%22:%91%22background_color%22%93}&#8221;][et_pb_row admin_label=&#8221;Fila Titulo&#8221; _builder_version=&#8221;4.17.4&#8243; _module_preset=&#8221;default&#8221; global_colors_info=&#8221;{}&#8221;][et_pb_column type=&#8221;4_4&#8243; _builder_version=&#8221;4.17.4&#8243; _module_preset=&#8221;default&#8221; global_colors_info=&#8221;{}&#8221;][et_pb_text _builder_version=&#8221;4.17.4&#8243; _module_preset=&#8221;6e80324d-365c-4d77-a8fe-d79200291eb7&#8243; header_text_color=&#8221;#FFFFFF&#8221; background_color=&#8221;RGBA(255,255,255,0)&#8221; text_orientation=&#8221;center&#8221; custom_margin=&#8221;||10px||false|false&#8221; global_colors_info=&#8221;{}&#8221;]<\/p>\n<h1><span style=\"color: #ff0000\">Novedades<\/span><\/h1>\n<p>[\/et_pb_text][et_pb_text _builder_version=&#8221;4.17.4&#8243; _module_preset=&#8221;99671538-aaf5-4222-8728-4ec63a0d624a&#8221; text_text_color=&#8221;#FFFFFF&#8221; text_orientation=&#8221;center&#8221; global_colors_info=&#8221;{}&#8221;]<\/p>\n<p><span style=\"color: #000000\">La actualidad del M\u00e1ster de Periodismo y Democracia<\/span><\/p>\n<p>[\/et_pb_text][\/et_pb_column][\/et_pb_row][et_pb_row admin_label=&#8221;CTA Button&#8221; _builder_version=&#8221;4.21.0&#8243; _module_preset=&#8221;default&#8221; custom_padding=&#8221;|||&#8221; global_colors_info=&#8221;{}&#8221;][et_pb_column type=&#8221;4_4&#8243; _builder_version=&#8221;4.16&#8243; _module_preset=&#8221;default&#8221; custom_padding=&#8221;|||&#8221; global_colors_info=&#8221;{}&#8221; custom_padding__hover=&#8221;|||&#8221;][et_pb_blog posts_number=&#8221;9&#8243; include_categories=&#8221;23,all,current,4,228&#8243; _builder_version=&#8221;4.17.4&#8243; _module_preset=&#8221;d96767ba-6dc8-4e42-b900-9a43bd3cdf0b&#8221; header_text_color=&#8221;gcid-8791e582-6981-4487-b2f5-5067d56b420f&#8221; read_more_text_color=&#8221;gcid-8791e582-6981-4487-b2f5-5067d56b420f&#8221; pagination_text_color=&#8221;gcid-8791e582-6981-4487-b2f5-5067d56b420f&#8221; use_border_color=&#8221;on&#8221; border_width=&#8221;0px&#8221; locked=&#8221;off&#8221; global_colors_info=&#8221;{%22gcid-8791e582-6981-4487-b2f5-5067d56b420f%22:%91%22header_text_color%22,%22read_more_text_color%22,%22pagination_text_color%22%93}&#8221;][\/et_pb_blog][et_pb_pricing_tables admin_label=&#8221;Matricula abierta llamada accion&#8221; _builder_version=&#8221;4.17.4&#8243; _module_preset=&#8221;default&#8221; hover_enabled=&#8221;0&#8243; global_colors_info=&#8221;{}&#8221; sticky_enabled=&#8221;0&#8243;][et_pb_pricing_table title=&#8221;Abierto Plazo Matricula&#8221; subtitle=&#8221;Curso 2025\/26&#8243; currency=&#8221;Euro&#8221; sum=&#8221;1620&#8243; button_url=&#8221;https:\/\/masterperiodismoydemocracia.umh.es\/inscripciones\/&#8221; url_new_window=&#8221;on&#8221; button_text=&#8221;Inscribirme&#8221; _builder_version=&#8221;4.17.4&#8243; _module_preset=&#8221;default&#8221; hover_enabled=&#8221;0&#8243; global_colors_info=&#8221;{}&#8221; sticky_transition=&#8221;on&#8221; sticky_enabled=&#8221;0&#8243;]<\/p>\n<h4 style=\"text-align: center\">Plazo hasta el 15 de septiembre 2025<\/h4>\n<p>[\/et_pb_pricing_table][\/et_pb_pricing_tables][\/et_pb_column][\/et_pb_row][\/et_pb_section][et_pb_section fb_built=&#8221;1&#8243; admin_label=&#8221;Footer&#8221; _builder_version=&#8221;4.17.4&#8243; _module_preset=&#8221;default&#8221; background_color=&#8221;RGBA(255,255,255,0)&#8221; background_color_gradient_direction=&#8221;90deg&#8221; background_enable_image=&#8221;off&#8221; custom_padding=&#8221;0px||0px||true|false&#8221; saved_tabs=&#8221;all&#8221; locked=&#8221;off&#8221; collapsed=&#8221;off&#8221; global_colors_info=&#8221;{}&#8221;][et_pb_row column_structure=&#8221;1_2,1_2&#8243; use_custom_gutter=&#8221;on&#8221; gutter_width=&#8221;1&#8243; make_equal=&#8221;on&#8221; admin_label=&#8221;Footer Row&#8221; module_class=&#8221; et_pb_row_fullwidth&#8221; _builder_version=&#8221;4.17.4&#8243; _module_preset=&#8221;default&#8221; background_color=&#8221;#FFFFFF&#8221; width=&#8221;100%&#8221; max_width=&#8221;none&#8221; custom_margin=&#8221;|||&#8221; custom_padding=&#8221;0px||0px||true|false&#8221; animation_style=&#8221;fade&#8221; make_fullwidth=&#8221;on&#8221; global_colors_info=&#8221;{}&#8221;][et_pb_column type=&#8221;1_2&#8243; _builder_version=&#8221;4.17.4&#8243; _module_preset=&#8221;default&#8221; background_color=&#8221;#FFFFFF&#8221; custom_padding=&#8221;8%|8%|8%|8%|true|true&#8221; border_width_all=&#8221;22px&#8221; border_color_all=&#8221;#9e9e9e&#8221; global_colors_info=&#8221;{}&#8221;][et_pb_text admin_label=&#8221;Organizadores&#8221; _builder_version=&#8221;4.17.4&#8243; _module_preset=&#8221;12f08d1c-4d0d-4f91-bc9f-3020a47369fc&#8221; header_2_text_color=&#8221;#FFFFFF&#8221; custom_margin=&#8221;||30px||false|false&#8221; locked=&#8221;off&#8221; global_colors_info=&#8221;{}&#8221;]<\/p>\n<h2><span style=\"color: #808080\"><strong>ORGANIZA:<\/strong><\/span><\/h2>\n<p><img loading=\"lazy\" class=\"wp-image-391 alignnone size-medium\" src=\"https:\/\/masterperiodismoydemocracia.umh.es\/files\/2025\/04\/logo-umh-ok-300x109-1-300x109.jpg\" alt=\"\" width=\"300\" height=\"109\" \/><\/p>\n<p>[\/et_pb_text][et_pb_text admin_label=&#8221;Aliados&#8221; _builder_version=&#8221;4.17.4&#8243; _module_preset=&#8221;12f08d1c-4d0d-4f91-bc9f-3020a47369fc&#8221; header_2_text_color=&#8221;#FFFFFF&#8221; custom_margin=&#8221;||30px||false|false&#8221; locked=&#8221;off&#8221; global_colors_info=&#8221;{}&#8221;]<\/p>\n<h2><span style=\"color: #808080\"><strong>ALIADOS:<\/strong><\/span><\/h2>\n<p>\u00a0<img loading=\"lazy\" class=\"wp-image-385 alignnone size-medium\" src=\"https:\/\/masterperiodismoydemocracia.umh.es\/files\/2025\/04\/logo-gabo-300x79-1-300x79.png\" alt=\"\" width=\"300\" height=\"79\" \/>\u00a0 \u00a0 \u00a0 \u00a0 \u00a0<img loading=\"lazy\" class=\"wp-image-388 alignnone \" src=\"https:\/\/masterperiodismoydemocracia.umh.es\/files\/2025\/04\/reporteros-300x130-1-300x130.jpg\" alt=\"\" width=\"258\" height=\"112\" \/>\u00a0 \u00a0 \u00a0<img loading=\"lazy\" class=\"wp-image-373 alignnone size-medium\" src=\"https:\/\/masterperiodismoydemocracia.umh.es\/files\/2025\/04\/SRK-UMH-300x83.png\" alt=\"\" width=\"300\" height=\"83\" \/><\/p>\n<p>[\/et_pb_text][\/et_pb_column][et_pb_column type=&#8221;1_2&#8243; _builder_version=&#8221;4.17.4&#8243; _module_preset=&#8221;default&#8221; background_color=&#8221;#9E9E9E&#8221; custom_padding=&#8221;8%|8%|8%|8%|true|true&#8221; global_colors_info=&#8221;{}&#8221; custom_padding__hover=&#8221;|||&#8221;][et_pb_text admin_label=&#8221;Contacto&#8221; _builder_version=&#8221;4.17.4&#8243; _module_preset=&#8221;12f08d1c-4d0d-4f91-bc9f-3020a47369fc&#8221; header_2_text_color=&#8221;#FFFFFF&#8221; custom_margin=&#8221;||30px||false|false&#8221; locked=&#8221;off&#8221; global_colors_info=&#8221;{}&#8221;]<\/p>\n<h2>Contacto<\/h2>\n<p>[\/et_pb_text][et_pb_text admin_label=&#8221;Mail&#8221; _builder_version=&#8221;4.17.4&#8243; _module_preset=&#8221;acb840d0-8181-4d27-808c-f8ced82e99c7&#8243; header_4_text_color=&#8221;gcid-b247d7e9-2bbc-48fc-81a8-3cd1da3da572&#8243; locked=&#8221;off&#8221; global_colors_info=&#8221;{%22gcid-b247d7e9-2bbc-48fc-81a8-3cd1da3da572%22:%91%22header_4_text_color%22%93}&#8221;]<\/p>\n<h4><span style=\"color: #000000\">Correo electr\u00f3nico<\/span><\/h4>\n<p>[\/et_pb_text][et_pb_text admin_label=&#8221;Direcci\u00f3n mail&#8221; _builder_version=&#8221;4.17.4&#8243; _module_preset=&#8221;be44c2e9-2462-44a4-82b0-07053c626e28&#8243; text_text_color=&#8221;#FFFFFF&#8221; link_text_color=&#8221;#FFFFFF&#8221; custom_margin=&#8221;||30px||false|false&#8221; locked=&#8221;off&#8221; global_colors_info=&#8221;{}&#8221;]<\/p>\n<p><a href=\"mailto:seminariokapu@umh.es\">masterperiodismoydemocracia@umh.es<\/a><\/p>\n<p>[\/et_pb_text][et_pb_text admin_label=&#8221;Direcci\u00f3n&#8221; _builder_version=&#8221;4.17.4&#8243; _module_preset=&#8221;acb840d0-8181-4d27-808c-f8ced82e99c7&#8243; header_4_text_color=&#8221;gcid-b247d7e9-2bbc-48fc-81a8-3cd1da3da572&#8243; locked=&#8221;off&#8221; global_colors_info=&#8221;{%22gcid-b247d7e9-2bbc-48fc-81a8-3cd1da3da572%22:%91%22header_4_text_color%22%93}&#8221;]<\/p>\n<h4><span style=\"color: #000000\">Direcci\u00f3n<\/span><\/h4>\n<p>[\/et_pb_text][et_pb_text admin_label=&#8221;Direcci\u00f3n postal&#8221; _builder_version=&#8221;4.17.4&#8243; _module_preset=&#8221;be44c2e9-2462-44a4-82b0-07053c626e28&#8243; text_text_color=&#8221;#FFFFFF&#8221; link_text_color=&#8221;#FFFFFF&#8221; custom_margin=&#8221;||30px||false|false&#8221; locked=&#8221;off&#8221; global_colors_info=&#8221;{}&#8221;]<\/p>\n<p>Universidad Miguel Hern\u00e1ndez | Av. de la Universidad, s\/n 03202 Elche-Alicante<\/p>\n<p>[\/et_pb_text][et_pb_text admin_label=&#8221;Redes&#8221; _builder_version=&#8221;4.17.4&#8243; _module_preset=&#8221;acb840d0-8181-4d27-808c-f8ced82e99c7&#8243; header_4_text_color=&#8221;gcid-b247d7e9-2bbc-48fc-81a8-3cd1da3da572&#8243; locked=&#8221;off&#8221; global_colors_info=&#8221;{%22gcid-b247d7e9-2bbc-48fc-81a8-3cd1da3da572%22:%91%22header_4_text_color%22%93}&#8221;]<\/p>\n<h4><span style=\"color: #000000\">Redes Sociales<\/span><\/h4>\n<p>[\/et_pb_text][et_pb_text admin_label=&#8221;logos&#8221; _builder_version=&#8221;4.17.4&#8243; _module_preset=&#8221;be44c2e9-2462-44a4-82b0-07053c626e28&#8243; text_text_color=&#8221;#FFFFFF&#8221; link_text_color=&#8221;#FFFFFF&#8221; background_enable_image=&#8221;off&#8221; custom_margin=&#8221;||30px||false|false&#8221; link_option_url=&#8221;x.com\/masterpyd&#8221; link_option_url_new_window=&#8221;on&#8221; locked=&#8221;off&#8221; global_colors_info=&#8221;{}&#8221;]<\/p>\n<p><a href=\"http:\/\/x.com\/masterpyd\">@masterpyd<\/a> en <strong>X<\/strong><\/p>\n<p>[\/et_pb_text][et_pb_text admin_label=&#8221;logos&#8221; _builder_version=&#8221;4.17.4&#8243; _module_preset=&#8221;be44c2e9-2462-44a4-82b0-07053c626e28&#8243; text_text_color=&#8221;#FFFFFF&#8221; link_text_color=&#8221;#FFFFFF&#8221; custom_margin=&#8221;||30px||false|false&#8221; locked=&#8221;off&#8221; global_colors_info=&#8221;{}&#8221;]<\/p>\n<p>Y en nuestras cuentas de <strong>Instagram<\/strong>:<\/p>\n<div><a href=\"http:\/\/instagram.com\/masterenperiodismoydemocracia\">@masterenperiodismoydemocracia<\/a><\/div>\n<div>\u00a0<\/div>\n<p><a href=\"https:\/\/www.instagram.com\/universidadmh\/\">@universidadmh<\/a><\/p>\n<p><a href=\"https:\/\/www.instagram.com\/fundaciongabo\/\">@fundaciongabo<\/a><\/p>\n<p><a href=\"https:\/\/www.instagram.com\/rsf_es\/\">@rsf_es<\/a><\/p>\n<p><a href=\"https:\/\/www.instagram.com\/seminariokapu\/\">@seminariokapu<\/a><\/p>\n<p>[\/et_pb_text][\/et_pb_column][\/et_pb_row][\/et_pb_section]<\/p>\n","protected":false},"excerpt":{"rendered":"<p>NovedadesLa actualidad del M\u00e1ster de Periodismo y DemocraciaPlazo hasta el 15 de septiembre 2025ORGANIZA: ALIADOS: \u00a0\u00a0 \u00a0 \u00a0 \u00a0 \u00a0\u00a0 \u00a0 \u00a0ContactoCorreo electr\u00f3nicomasterperiodismoydemocracia@umh.esDirecci\u00f3nUniversidad Miguel Hern\u00e1ndez | Av. de la Universidad, s\/n 03202 Elche-AlicanteRedes Sociales@masterpyd en XY en nuestras cuentas de Instagram: @masterenperiodismoydemocracia \u00a0 @universidadmh @fundaciongabo @rsf_es @seminariokapu<\/p>\n","protected":false},"author":3881,"featured_media":0,"parent":0,"menu_order":0,"comment_status":"closed","ping_status":"closed","template":"","meta":{"_et_pb_use_builder":"on","_et_pb_old_content":"","_et_gb_content_width":"","_links_to":"","_links_to_target":""},"_links":{"self":[{"href":"https:\/\/masterperiodismoydemocracia.umh.es\/ca\/wp-json\/wp\/v2\/pages\/605"}],"collection":[{"href":"https:\/\/masterperiodismoydemocracia.umh.es\/ca\/wp-json\/wp\/v2\/pages"}],"about":[{"href":"https:\/\/masterperiodismoydemocracia.umh.es\/ca\/wp-json\/wp\/v2\/types\/page"}],"author":[{"embeddable":true,"href":"https:\/\/masterperiodismoydemocracia.umh.es\/ca\/wp-json\/wp\/v2\/users\/3881"}],"replies":[{"embeddable":true,"href":"https:\/\/masterperiodismoydemocracia.umh.es\/ca\/wp-json\/wp\/v2\/comments?post=605"}],"version-history":[{"count":0,"href":"https:\/\/masterperiodismoydemocracia.umh.es\/ca\/wp-json\/wp\/v2\/pages\/605\/revisions"}],"wp:attachment":[{"href":"https:\/\/masterperiodismoydemocracia.umh.es\/ca\/wp-json\/wp\/v2\/media?parent=605"}],"curies":[{"name":"wp","href":"https:\/\/api.w.org\/{rel}","templated":true}]}}